{"id":25628,"date":"2024-02-16T00:08:24","date_gmt":"2024-02-15T23:08:24","guid":{"rendered":"https:\/\/revistapublicando.com\/?post_type=product&#038;p=25628"},"modified":"2026-01-18T00:09:14","modified_gmt":"2026-01-17T23:09:14","slug":"proceso-contable-en-el-sector-turistico","status":"publish","type":"product","link":"https:\/\/revistapublicando.com\/en\/product\/proceso-contable-en-el-sector-turistico\/","title":{"rendered":"Proceso Contable en el Sector Tur\u00edstico"},"content":{"rendered":"<p><strong>Overview<\/strong><br \/>\nThis book was prepared to offer students and the general public an updated and clear text on the methodology and application of service cost systems, accounting, and basic taxation for Ecuador\u2019s tourism and hotel sector. The work is organized into three chapters that introduce key definitions, scope, classification, and practical applications, with the goal of strengthening professional performance in a reliable and effective manner.<\/p>\n<p><strong>Authors<\/strong><br \/>\nMariela Cristina Chango-Galarza; Alisva de los \u00c1ngeles C\u00e1rdenas-P\u00e9rez; Viviana Pastora Panchi-Mayo; Isabel Regina Armas-Heredia; Luis David Moreano-Mart\u00ednez; Manuel Enrique Chenet-Zuta<\/p>\n<p><strong>Editorial production<\/strong><br \/>\nEditing, proofreading, and design: RPPH<\/p>\n<p><strong>Identifiers<\/strong><br \/>\nISBN (Paperback): 978-1-954987-03-6<br \/>\nDOI: <a href=\"https:\/\/doi.org\/10.51528\/rp.9781954987036\" target=\"_blank\" rel=\"noopener\">https:\/\/doi.org\/10.51528\/rp.9781954987036<\/a><\/p>\n<p><strong>License<\/strong><br \/>\nCreative Commons Attribution 4.0 International (CC BY 4.0). Reuse, adaptation, and commercial use are permitted, provided attribution is given.<br \/>\n<a href=\"https:\/\/creativecommons.org\/licenses\/by\/4.0\/\" target=\"_blank\" rel=\"noopener\">View license<\/a><\/p>\n<p><strong>Recommended citation (APA 7)<\/strong><br \/>\nChango-Galarza, M. C., C\u00e1rdenas-P\u00e9rez, A. de los \u00c1., Panchi-Mayo, V. P., Armas-Heredia, I. R., Moreano-Mart\u00ednez, L. D., &amp; Chenet-Zuta, M. E. (2023). <em>Proceso contable en el sector tur\u00edstico<\/em>. RPPH.<br \/>\n<a href=\"https:\/\/doi.org\/10.51528\/rp.9781954987036\" target=\"_blank\" rel=\"noopener\">https:\/\/doi.org\/10.51528\/rp.9781954987036<\/a><\/p>\n<p><strong>Rights \/ imprint<\/strong><br \/>\n\u00a9 2023 The authors \/ RPPH. Licensed under <a href=\"https:\/\/creativecommons.org\/licenses\/by\/4.0\/\" target=\"_blank\" rel=\"noopener\">CC BY 4.0<\/a>. Florida, USA.<\/p>","protected":false},"excerpt":{"rendered":"<p><strong>Open-access textbook (CC BY 4.0).<\/strong> An introductory and practical guide to service cost systems, accounting, and basic taxation for Ecuador\u2019s tourism and hotel sector. Intended for students and general readers, it provides clear foundations and applied guidance for everyday accounting and fiscal contexts.<\/p>\n<p><a class=\"button\" href=\"https:\/\/revistapublicando.com\/wp-content\/uploads\/2024\/03\/Proceso-contable-en-el-sector-turistico.pdf\" target=\"_blank\" rel=\"noopener\">Download PDF<\/a><\/p>\n<p><small>Free download. Reuse permitted with attribution.<\/small><\/p>","protected":false},"featured_media":25646,"comment_status":"closed","ping_status":"closed","template":"","meta":{"nf_dc_page":"","jetpack_publicize_message":"","jetpack_publicize_feature_enabled":true,"jetpack_social_post_already_shared":true,"jetpack_social_options":{"image_generator_settings":{"template":"highway","default_image_id":0,"font":"","enabled":false},"version":2}},"product_brand":[],"product_cat":[152,153],"product_tag":[314,319,317,316,320,318,315],"class_list":{"0":"post-25628","1":"product","2":"type-product","3":"status-publish","4":"has-post-thumbnail","6":"product_cat-ciencias-sociales","7":"product_cat-rpph","8":"product_tag-contabilidad","9":"product_tag-costos-de-servicios","10":"product_tag-ecuador","11":"product_tag-hoteleria","12":"product_tag-open-access","13":"product_tag-tributacion","14":"product_tag-turismo","16":"entry","17":"has-media","19":"first","20":"instock","21":"downloadable","22":"virtual","23":"product-type-simple","24":"has-product-nav","25":"col","26":"span_1_of_3","27":"owp-content-center","28":"owp-thumbs-layout-horizontal","29":"owp-btn-normal","30":"owp-tabs-layout-horizontal"},"jetpack_publicize_connections":[],"jetpack_sharing_enabled":true,"_links":{"self":[{"href":"https:\/\/revistapublicando.com\/en\/wp-json\/wp\/v2\/product\/25628","targetHints":{"allow":["GET"]}}],"collection":[{"href":"https:\/\/revistapublicando.com\/en\/wp-json\/wp\/v2\/product"}],"about":[{"href":"https:\/\/revistapublicando.com\/en\/wp-json\/wp\/v2\/types\/product"}],"replies":[{"embeddable":true,"href":"https:\/\/revistapublicando.com\/en\/wp-json\/wp\/v2\/comments?post=25628"}],"wp:featuredmedia":[{"embeddable":true,"href":"https:\/\/revistapublicando.com\/en\/wp-json\/wp\/v2\/media\/25646"}],"wp:attachment":[{"href":"https:\/\/revistapublicando.com\/en\/wp-json\/wp\/v2\/media?parent=25628"}],"wp:term":[{"taxonomy":"product_brand","embeddable":true,"href":"https:\/\/revistapublicando.com\/en\/wp-json\/wp\/v2\/product_brand?post=25628"},{"taxonomy":"product_cat","embeddable":true,"href":"https:\/\/revistapublicando.com\/en\/wp-json\/wp\/v2\/product_cat?post=25628"},{"taxonomy":"product_tag","embeddable":true,"href":"https:\/\/revistapublicando.com\/en\/wp-json\/wp\/v2\/product_tag?post=25628"}],"curies":[{"name":"wp","href":"https:\/\/api.w.org\/{rel}","templated":true}]}}